{"id":461,"date":"2016-11-04T15:09:34","date_gmt":"2016-11-04T14:09:34","guid":{"rendered":"http:\/\/www.bc-training.lu\/en\/services\/coaching-personnel\/coaching-de-vie\/"},"modified":"2017-01-05T11:53:29","modified_gmt":"2017-01-05T10:53:29","slug":"coaching-de-vie","status":"publish","type":"page","link":"https:\/\/www.bc-training.lu\/en\/services\/coaching-personal\/coaching-de-vie\/","title":{"rendered":"Coaching de vie"},"content":{"rendered":"<p><strong><img loading=\"lazy\" class=\"size-full wp-image-178 alignright\" src=\"http:\/\/www.bc-training.lu\/wp-content\/uploads\/2016\/11\/cle.jpg\" alt=\"cle\" width=\"150\" height=\"150\" srcset=\"https:\/\/www.bc-training.lu\/wp-content\/uploads\/2016\/11\/cle.jpg 150w, https:\/\/www.bc-training.lu\/wp-content\/uploads\/2016\/11\/cle-68x68.jpg 68w\" sizes=\"(max-width: 150px) 100vw, 150px\" \/>En chacun de nous r\u00e9side un potentiel de gestion de notre mode de fonctionnement. Certain trouve le mode d\u2019utilisation rapidement et d\u2019autres n\u2019ont pas consciences qu\u2019ils ont en eux le mode ON \/ OFF, ils restent ainsi en stand by. <\/strong><\/p>\n<p><strong>Jusqu\u2019au jour o\u00f9 l\u2019\u00e9l\u00e9ment d\u00e9clencheur survient\u00a0!<\/strong><\/p>\n<p>La gestion de nos \u00e9motions, de nos r\u00e9actions, de la capacit\u00e9 \u00e0 nous g\u00e9rer, \u00e0 nous d\u00e9velopper, est en chacun de NOUS\u00a0!\u00a0Nous ne sommes pas tous leaders ou managers. Nous sommes pourtant tous n\u00e9s \u00e9gaux\u00a0! Le d\u00e9veloppement de chacun d\u00e9pend en grande partie du v\u00e9cu de l\u2019enfance et donc, de notre cadre de r\u00e9f\u00e9rence.<\/p>\n<p>Le d\u00e9veloppement personnel, c\u2019est agrandir le cadre o\u00f9 tout simplement le d\u00e9placer pour qu\u2019il convienne mieux \u00e0 notre d\u00e9coration int\u00e9rieur. Devenez, VOUS\u00a0! Osez \u00eatre VOUS\u00a0! Faite abstraction du jugement, soyez assertif\u00a0!<\/p>\n<p>Le Life Style Coaching c\u2019est apprendre \u00e0 utiliser les bons outils en fonction de la situation. Vous \u00eates le propri\u00e9taire de votre caisse \u00e0 outils, devenez l\u2019utilisateur principal.<\/p>\n<p class=\"tags\">\u00a0Utiliser, c\u2019est ma\u00eetriser\u00a0!<\/p>\n<p>Le Life Style Coaching, c&#8217;est aussi prendre conscience de l&#8217;importance de la r\u00e9percussion de l&#8217;activit\u00e9 physique sur la sant\u00e9.<\/p>\n<p>Vous \u00eates cadre, ind\u00e9pendant, dirigeant ? En bref, vous n&#8217;avez pas le temps de prendre soin de vous ?<\/p>\n<p>L&#8217;\u00e9quilibre de vie du dirigeant, c&#8217;est aussi l&#8217;\u00e9quilibre de l&#8217;entreprise !<\/p>\n<p>Pour assurer\u00a0\u00e0 long terme le succ\u00e8s et la performance de votre soci\u00e9t\u00e9, penser \u00e0 votre bien-\u00eatre est une strat\u00e9gie payante.<\/p>\n<p><a class=\"btn btn-primary theme-btn btn-sm\" href=\"http:\/\/www.7jsante.be\/independant-et-bien-etre\/activite-physique\" target=\"_blank\">D\u00e9couvrez pourquoi nous vous recommandons de bouger<\/a><\/p>\n","protected":false},"excerpt":{"rendered":"<p>En chacun de nous r\u00e9side un potentiel de gestion de notre mode de fonctionnement. Certain trouve le mode d\u2019utilisation rapidement et d\u2019autres n\u2019ont pas consciences qu\u2019ils [&hellip;]<\/p>\n","protected":false},"author":1,"featured_media":906,"parent":383,"menu_order":0,"comment_status":"closed","ping_status":"closed","template":"","meta":[],"_links":{"self":[{"href":"https:\/\/www.bc-training.lu\/en\/wp-json\/wp\/v2\/pages\/461\/"}],"collection":[{"href":"https:\/\/www.bc-training.lu\/en\/wp-json\/wp\/v2\/pages\/"}],"about":[{"href":"https:\/\/www.bc-training.lu\/en\/wp-json\/wp\/v2\/types\/page\/"}],"author":[{"embeddable":true,"href":"https:\/\/www.bc-training.lu\/en\/wp-json\/wp\/v2\/users\/1\/"}],"replies":[{"embeddable":true,"href":"https:\/\/www.bc-training.lu\/en\/wp-json\/wp\/v2\/comments\/?post=461"}],"version-history":[{"count":1,"href":"https:\/\/www.bc-training.lu\/en\/wp-json\/wp\/v2\/pages\/461\/revisions\/"}],"predecessor-version":[{"id":896,"href":"https:\/\/www.bc-training.lu\/en\/wp-json\/wp\/v2\/pages\/461\/revisions\/896\/"}],"up":[{"embeddable":true,"href":"https:\/\/www.bc-training.lu\/en\/wp-json\/wp\/v2\/pages\/383\/"}],"wp:featuredmedia":[{"embeddable":true,"href":"https:\/\/www.bc-training.lu\/en\/wp-json\/wp\/v2\/media\/906\/"}],"wp:attachment":[{"href":"https:\/\/www.bc-training.lu\/en\/wp-json\/wp\/v2\/media\/?parent=461"}],"curies":[{"name":"wp","href":"https:\/\/api.w.org\/{rel}","templated":true}]}}