{"id":500,"date":"2016-11-07T13:46:43","date_gmt":"2016-11-07T12:46:43","guid":{"rendered":"http:\/\/www.bc-training.lu\/de\/uber-uns\/notre-concept\/"},"modified":"2016-11-22T14:40:29","modified_gmt":"2016-11-22T13:40:29","slug":"unser-konzept","status":"publish","type":"page","link":"https:\/\/www.bc-training.lu\/de\/uber-uns\/unser-konzept\/","title":{"rendered":"Unser Konzept"},"content":{"rendered":"<div class=\"img-cadre-right\">Unser Fitness- und Aktivierungskonzept unter Anleitung eines Personal Trainers basiert auf funktionalem Training und l\u00e4sst sich an jedem Ort Ihrer Wahl durchf\u00fchren (im Hotel, zu Hause, im B\u00fcro, im Fitness-Studio oder auch im Freien). Daf\u00fcr ben\u00f6tigen wir nur einen Freiraum von 8 bis 10\u00a0m\u00b2 f\u00fcr unser Material.<\/div>\n<p>Unser Konzept umfasst au\u00dferdem Lifestyle-Coaching, also die Analyse und Begleitung Ihrer beruflichen und privaten Situation. Das Coaching umfasst Schwerpunkte wie Management, Kommunikation, Konfliktbew\u00e4ltigung und pers\u00f6nliche Entwicklung und sorgt somit f\u00fcr eine umfassende Steigerung Ihrer Lebensqualit\u00e4t!<\/p>\n<p><a class=\"more\" href=\"{cms_selflink href='unser-werdegang'}\">DIE entwicklung VON Body Concept Training<\/a><\/p>\n<p class=\"tags\">Professionalit\u00e4t, Werte, Image, Grunds\u00e4tze, Ethik, Seriosit\u00e4t.<\/p>\n<h3>Unsere Philosophie<\/h3>\n<p>Zuh\u00f6ren, Vertrauen aufbauen, Engagement, Begleitung, Motivation, Erfolg. Die Entwicklung Ihres Potenzials f\u00fcr bessere Lebensqualit\u00e4t, mehr Selbstvertrauen und h\u00f6here Selbstachtung.<\/p>\n<p><a class=\"btn btn-primary theme-btn btn-sm\" href=\"{cms_selflink href='unsere-philosophie'}\">die philosophie von Body Concept Training<\/a><\/p>\n","protected":false},"excerpt":{"rendered":"<p>Unser Fitness- und Aktivierungskonzept unter Anleitung eines Personal Trainers basiert auf funktionalem Training und l\u00e4sst sich an jedem Ort Ihrer Wahl durchf\u00fchren (im Hotel, zu Hause, [&hellip;]<\/p>\n","protected":false},"author":1,"featured_media":0,"parent":496,"menu_order":0,"comment_status":"closed","ping_status":"closed","template":"","meta":[],"_links":{"self":[{"href":"https:\/\/www.bc-training.lu\/de\/wp-json\/wp\/v2\/pages\/500\/"}],"collection":[{"href":"https:\/\/www.bc-training.lu\/de\/wp-json\/wp\/v2\/pages\/"}],"about":[{"href":"https:\/\/www.bc-training.lu\/de\/wp-json\/wp\/v2\/types\/page\/"}],"author":[{"embeddable":true,"href":"https:\/\/www.bc-training.lu\/de\/wp-json\/wp\/v2\/users\/1\/"}],"replies":[{"embeddable":true,"href":"https:\/\/www.bc-training.lu\/de\/wp-json\/wp\/v2\/comments\/?post=500"}],"version-history":[{"count":1,"href":"https:\/\/www.bc-training.lu\/de\/wp-json\/wp\/v2\/pages\/500\/revisions\/"}],"predecessor-version":[{"id":501,"href":"https:\/\/www.bc-training.lu\/de\/wp-json\/wp\/v2\/pages\/500\/revisions\/501\/"}],"up":[{"embeddable":true,"href":"https:\/\/www.bc-training.lu\/de\/wp-json\/wp\/v2\/pages\/496\/"}],"wp:attachment":[{"href":"https:\/\/www.bc-training.lu\/de\/wp-json\/wp\/v2\/media\/?parent=500"}],"curies":[{"name":"wp","href":"https:\/\/api.w.org\/{rel}","templated":true}]}}