{"id":487,"date":"2016-11-04T15:20:00","date_gmt":"2016-11-04T14:20:00","guid":{"rendered":"http:\/\/www.bc-training.lu\/de\/dienste\/coaching-im-unternehmen\/voyage-d-entreprise\/"},"modified":"2016-11-22T14:31:23","modified_gmt":"2016-11-22T13:31:23","slug":"unternehmensreisen","status":"publish","type":"page","link":"https:\/\/www.bc-training.lu\/de\/dienste\/coaching-im-unternehmen\/unternehmensreisen\/","title":{"rendered":"Unternehmensreisen"},"content":{"rendered":"<p><strong> Verleihen Sie Ihrem Unternehmen Fl\u00fcgel! <\/strong><\/p>\n<p>Sie wollen mit Ihren Mitarbeitern ein Wochenende im Gr\u00fcnen oder eine ganze Woche Urlaub verbringen? Wir bieten Ihnen ein <strong>ma\u00dfgeschneidertes Aktivit\u00e4tenprogramm<\/strong>. Ob in Belgien, Bali, Marrakesch, \u00c4gypten\u2026 unsere Kontakte vor Ort sorgen f\u00fcr eine <strong>reibungslose Organisation<\/strong>!<\/p>\n<p>In einer H\u00fctte, im Ryad Hotel, in der privaten Luxusvilla oder auf dem Kreuzfahrtschiff \u2013 wir lassen Ihre W\u00fcnsche wahr werden!<\/p>\n","protected":false},"excerpt":{"rendered":"<p>Verleihen Sie Ihrem Unternehmen Fl\u00fcgel! Sie wollen mit Ihren Mitarbeitern ein Wochenende im Gr\u00fcnen oder eine ganze Woche Urlaub verbringen? Wir bieten Ihnen ein ma\u00dfgeschneidertes Aktivit\u00e4tenprogramm. [&hellip;]<\/p>\n","protected":false},"author":1,"featured_media":0,"parent":392,"menu_order":0,"comment_status":"closed","ping_status":"closed","template":"","meta":[],"_links":{"self":[{"href":"https:\/\/www.bc-training.lu\/de\/wp-json\/wp\/v2\/pages\/487\/"}],"collection":[{"href":"https:\/\/www.bc-training.lu\/de\/wp-json\/wp\/v2\/pages\/"}],"about":[{"href":"https:\/\/www.bc-training.lu\/de\/wp-json\/wp\/v2\/types\/page\/"}],"author":[{"embeddable":true,"href":"https:\/\/www.bc-training.lu\/de\/wp-json\/wp\/v2\/users\/1\/"}],"replies":[{"embeddable":true,"href":"https:\/\/www.bc-training.lu\/de\/wp-json\/wp\/v2\/comments\/?post=487"}],"version-history":[{"count":1,"href":"https:\/\/www.bc-training.lu\/de\/wp-json\/wp\/v2\/pages\/487\/revisions\/"}],"predecessor-version":[{"id":488,"href":"https:\/\/www.bc-training.lu\/de\/wp-json\/wp\/v2\/pages\/487\/revisions\/488\/"}],"up":[{"embeddable":true,"href":"https:\/\/www.bc-training.lu\/de\/wp-json\/wp\/v2\/pages\/392\/"}],"wp:attachment":[{"href":"https:\/\/www.bc-training.lu\/de\/wp-json\/wp\/v2\/media\/?parent=487"}],"curies":[{"name":"wp","href":"https:\/\/api.w.org\/{rel}","templated":true}]}}