{"id":468,"date":"2016-11-04T15:14:29","date_gmt":"2016-11-04T14:14:29","guid":{"rendered":"http:\/\/www.bc-training.lu\/de\/dienste\/coaching-personnel\/pilates\/"},"modified":"2016-11-22T14:17:11","modified_gmt":"2016-11-22T13:17:11","slug":"pilates","status":"publish","type":"page","link":"https:\/\/www.bc-training.lu\/de\/dienste\/coaching-personnel\/pilates\/","title":{"rendered":"Pilates"},"content":{"rendered":"<p><strong><img loading=\"lazy\" class=\"size-full wp-image-183 alignright\" src=\"http:\/\/www.bc-training.lu\/wp-content\/uploads\/2016\/11\/pilate.jpg\" alt=\"pilate\" width=\"150\" height=\"150\" srcset=\"https:\/\/www.bc-training.lu\/wp-content\/uploads\/2016\/11\/pilate.jpg 150w, https:\/\/www.bc-training.lu\/wp-content\/uploads\/2016\/11\/pilate-68x68.jpg 68w\" sizes=\"(max-width: 150px) 100vw, 150px\" \/>Diese Methode ist nach dem in Deutschland geborenen Joseph Pilates benannt. Als Kriegsgefangener w\u00e4hrend des ersten Weltkriegs entwickelt er in seiner Zelle ein Gymnastikkonzept. Nach seiner Befreiung er\u00f6ffnet er im Jahr 1926 sein erstes Gymnastikstudio.<\/strong><\/p>\n<p>Die Pilates-Methode gilt seit dem Jahr 2000 als eigenst\u00e4ndige Sportart und wird auf der ganzen Welt praktiziert und gelehrt. Pilates selbst bezeichnete seine Methode als \u201eContrology\u201c, da die Muskeln mithilfe des Geistes kontrolliert werden.<\/p>\n<p class=\"tags\">Pilates \u2013 <span class=\"orange\">das sanfte Training erobert die Welt<\/span> !<\/p>\n<h3>Philosophie und Prinzipien des Pilates<\/h3>\n<p>K\u00f6rperliches Training und mentale Disziplin. Ebenso wie Yoga ist Pilates eine ganzheitliche Methode mit dem Ziel einer harmonischen Entwicklung des K\u00f6rpers, der Korrektur von Haltungsfehlern und der Reaktivierung der k\u00f6rperlichen Vitalit\u00e4t.<\/p>\n<p>Diese Methode beruht auf 8 Grundprinzipien (Konzentration, Atmung, Zentrierung, Kontrolle, Koordination, Entspannung, Bewegungsfluss, Kondition) und auf 35 \u00dcbungen f\u00fcr das k\u00f6rperliche und geistige Wohlbefinden.<\/p>\n<h3>Praxis<\/h3>\n<p>Die Pilates-Methode besteht darin, in einer festgelegten Reihenfolge bestimmte Haltungen einzunehmen und Bewegungen durchzuf\u00fchren. Das Ziel ist die abwechselnde Aktivierung s\u00e4mtlicher Muskelgruppen, manchmal in ungew\u00f6hnlicher Kombination, und besonders der tiefen Rumpfmuskulatur, der Bauch- und Ges\u00e4\u00dfmuskulatur.<\/p>\n<h3>F\u00fcr wen ist Pilates geeignet?<\/h3>\n<p><img loading=\"lazy\" class=\"size-full wp-image-185 alignright\" src=\"http:\/\/www.bc-training.lu\/wp-content\/uploads\/2016\/11\/enceinte.jpg\" alt=\"enceinte\" width=\"150\" height=\"150\" srcset=\"https:\/\/www.bc-training.lu\/wp-content\/uploads\/2016\/11\/enceinte.jpg 150w, https:\/\/www.bc-training.lu\/wp-content\/uploads\/2016\/11\/enceinte-68x68.jpg 68w\" sizes=\"(max-width: 150px) 100vw, 150px\" \/>Die Pilates-\u00dcbungen sind intensiv, aber sanft, ohne ruckartige Bewegungen oder St\u00f6\u00dfe. Die Methode ist daher f\u00fcr alle geeignet<\/p>\n<ul>\n<li>F\u00fcr Sportmuffel ebenso wie f\u00fcr Intensivsportler<\/li>\n<li>Bei Stress, M\u00fcdigkeit oder Versteifungen, f\u00fcr Frauen w\u00e4hrend der Schwangerschaft oder nach der Geburt, f\u00fcr Senioren und f\u00fcr die Rehabilitation nach Verletzungen<\/li>\n<li>F\u00fcr alle, die ohne Verletzungsgefahr etwas f\u00fcr ihre Figur und Fitness tun wollen<\/li>\n<\/ul>\n<h3>Die Vorz\u00fcge der Pilates-Methode<\/h3>\n<p>Pilates hat diverse Vorteile f\u00fcr K\u00f6rper und Geist:<\/p>\n<ul>\n<li>Schmerzlinderung durch St\u00e4rkung der Tiefenmuskulatur, durch Positionskorrektur von Becken und R\u00fccken und Verbesserung der Haltung<\/li>\n<li>Verfeinerung der Silhouette durch Muskelstraffung und L\u00f6sung von Verspannungen<\/li>\n<li>Lockerung der Muskeln durch Dehnung und Steigerung der Beweglichkeit<\/li>\n<li>Steigerung der Ausdauer durch langsamere und tiefere Atmung<\/li>\n<li>Haltungskorrektur durch Training korrekter Bewegungen im Alltag<\/li>\n<li>Verminderung von Alterserscheinungen durch Schulung der Koordination<\/li>\n<\/ul>\n","protected":false},"excerpt":{"rendered":"<p>Diese Methode ist nach dem in Deutschland geborenen Joseph Pilates benannt. Als Kriegsgefangener w\u00e4hrend des ersten Weltkriegs entwickelt er in seiner Zelle ein Gymnastikkonzept. Nach seiner [&hellip;]<\/p>\n","protected":false},"author":1,"featured_media":0,"parent":384,"menu_order":0,"comment_status":"closed","ping_status":"closed","template":"","meta":[],"_links":{"self":[{"href":"https:\/\/www.bc-training.lu\/de\/wp-json\/wp\/v2\/pages\/468\/"}],"collection":[{"href":"https:\/\/www.bc-training.lu\/de\/wp-json\/wp\/v2\/pages\/"}],"about":[{"href":"https:\/\/www.bc-training.lu\/de\/wp-json\/wp\/v2\/types\/page\/"}],"author":[{"embeddable":true,"href":"https:\/\/www.bc-training.lu\/de\/wp-json\/wp\/v2\/users\/1\/"}],"replies":[{"embeddable":true,"href":"https:\/\/www.bc-training.lu\/de\/wp-json\/wp\/v2\/comments\/?post=468"}],"version-history":[{"count":2,"href":"https:\/\/www.bc-training.lu\/de\/wp-json\/wp\/v2\/pages\/468\/revisions\/"}],"predecessor-version":[{"id":470,"href":"https:\/\/www.bc-training.lu\/de\/wp-json\/wp\/v2\/pages\/468\/revisions\/470\/"}],"up":[{"embeddable":true,"href":"https:\/\/www.bc-training.lu\/de\/wp-json\/wp\/v2\/pages\/384\/"}],"wp:attachment":[{"href":"https:\/\/www.bc-training.lu\/de\/wp-json\/wp\/v2\/media\/?parent=468"}],"curies":[{"name":"wp","href":"https:\/\/api.w.org\/{rel}","templated":true}]}}