{"id":462,"date":"2016-11-04T15:09:34","date_gmt":"2016-11-04T14:09:34","guid":{"rendered":"http:\/\/www.bc-training.lu\/de\/dienste\/coaching-personnel\/coaching-de-vie\/"},"modified":"2016-11-22T14:13:37","modified_gmt":"2016-11-22T13:13:37","slug":"lifestyle-coaching","status":"publish","type":"page","link":"https:\/\/www.bc-training.lu\/de\/dienste\/coaching-personnel\/lifestyle-coaching\/","title":{"rendered":"Lifestyle Coaching"},"content":{"rendered":"<p><strong><img loading=\"lazy\" class=\"size-full wp-image-178 alignright\" src=\"http:\/\/www.bc-training.lu\/wp-content\/uploads\/2016\/11\/cle.jpg\" alt=\"cle\" width=\"150\" height=\"150\" srcset=\"https:\/\/www.bc-training.lu\/wp-content\/uploads\/2016\/11\/cle.jpg 150w, https:\/\/www.bc-training.lu\/wp-content\/uploads\/2016\/11\/cle-68x68.jpg 68w\" sizes=\"(max-width: 150px) 100vw, 150px\" \/>In jedem von uns schlummert die F\u00e4higkeit, unser t\u00e4gliches Leben selbst in die Hand zu nehmen. Manche erfassen intuitiv, wie das geht, w\u00e4hrend sich andere gar nicht bewusst sind, dass sie \u00fcber einen Turbo-Schalter verf\u00fcgen, und ihr Leben im Standby-Modus verbringen. <\/strong><\/p>\n<p><strong>Bis eines Tages ein ausl\u00f6sendes Ereignis eintritt!<\/strong><\/p>\n<p>WIR ALLE haben die F\u00e4higkeit, unsere Gef\u00fchle, unsere Reaktionen und unser Leben bewusst in die Hand zu nehmen und uns zu entwickeln. Nat\u00fcrlich sind wir nicht alle vom Typ her Anf\u00fchrer oder Manager. Aber wir kommen alle mit denselben F\u00e4higkeiten auf die Welt! Die Entwicklung eines jeden h\u00e4ngt zu einem gro\u00dfen Teil von den Erlebnissen w\u00e4hrend der Kindheit ab, also vom jeweiligen Bezugsrahmen, an dem wir uns orientieren.<\/p>\n<p>Pers\u00f6nliche Entwicklung bedeutet, diesen Rahmen zu erweitern oder umzuh\u00e4ngen, um ihn an unsere innere Lebensvorstellung anzupassen.<\/p>\n<p>Werden Sie SIE SLBST! Trauen Sie sich, SIE SELBST zu sein!<\/p>\n<p>Werfen Sie alle Vorurteile \u00fcber Bord und leben Sie so, wie SIE es wollen!<\/p>\n<p>Lifestyle-Coaching bedeutet zu lernen, je nach Situation die richtigen Mittel einzusetzen. Sie haben umfangreiche Mittel zu Ihrer Verf\u00fcgung \u2013 ergreifen Sie sie und lernen Sie, damit umzugehen!<\/p>\n<p class=\"tags\">Nutzen Sie Ihre F\u00e4higkeiten!<\/p>\n","protected":false},"excerpt":{"rendered":"<p>In jedem von uns schlummert die F\u00e4higkeit, unser t\u00e4gliches Leben selbst in die Hand zu nehmen. Manche erfassen intuitiv, wie das geht, w\u00e4hrend sich andere gar [&hellip;]<\/p>\n","protected":false},"author":1,"featured_media":0,"parent":384,"menu_order":0,"comment_status":"closed","ping_status":"closed","template":"","meta":[],"_links":{"self":[{"href":"https:\/\/www.bc-training.lu\/de\/wp-json\/wp\/v2\/pages\/462\/"}],"collection":[{"href":"https:\/\/www.bc-training.lu\/de\/wp-json\/wp\/v2\/pages\/"}],"about":[{"href":"https:\/\/www.bc-training.lu\/de\/wp-json\/wp\/v2\/types\/page\/"}],"author":[{"embeddable":true,"href":"https:\/\/www.bc-training.lu\/de\/wp-json\/wp\/v2\/users\/1\/"}],"replies":[{"embeddable":true,"href":"https:\/\/www.bc-training.lu\/de\/wp-json\/wp\/v2\/comments\/?post=462"}],"version-history":[{"count":3,"href":"https:\/\/www.bc-training.lu\/de\/wp-json\/wp\/v2\/pages\/462\/revisions\/"}],"predecessor-version":[{"id":465,"href":"https:\/\/www.bc-training.lu\/de\/wp-json\/wp\/v2\/pages\/462\/revisions\/465\/"}],"up":[{"embeddable":true,"href":"https:\/\/www.bc-training.lu\/de\/wp-json\/wp\/v2\/pages\/384\/"}],"wp:attachment":[{"href":"https:\/\/www.bc-training.lu\/de\/wp-json\/wp\/v2\/media\/?parent=462"}],"curies":[{"name":"wp","href":"https:\/\/api.w.org\/{rel}","templated":true}]}}